{"id":129,"date":"2024-09-22T13:13:42","date_gmt":"2024-09-22T13:13:42","guid":{"rendered":"http:\/\/www.huisartsenpraktijkveltum.nl\/main\/?page_id=129"},"modified":"2025-01-09T16:53:35","modified_gmt":"2025-01-09T15:53:35","slug":"gezondheidsinformatie","status":"publish","type":"page","link":"https:\/\/www.huisartsenpraktijkveltum.nl\/main\/gezondheidsinformatie\/","title":{"rendered":"Gezondheidsinformatie"},"content":{"rendered":"\n<h2 class=\"wp-block-heading\">Geneesmiddelen mee op reis<\/h2>\n\n\n\n<p>Gebruikers van geneesmiddelen die onder de opiumwet vallen kunnen deze niet zomaar meenemen naar het buitenland. Hiervoor is een verklaring nodig.<\/p>\n\n\n\n<h3 class=\"wp-block-heading\">Wat zijn de opiumwetsmiddelen<\/h3>\n\n\n\n<p>Een opiumwetsmiddel is een stof met een bepaalde werking op het menselijk bewustzijn. Deze middelen worden ook wel \u2018verdovende middelen\u2019, \u2018narcotica\u2019 of \u2018drugs\u2019 genoemd. Een groot aantal geneesmiddelen bevat zo\u2019n opiumwetsmiddel. Opiumwetsmiddelen vallen onder de Opiumwet en zijn verdeeld in twee lijsten. Op lijst I van de Opiumwet staan de zogenoemde \u2018hard drugs\u2019, zoals hero\u00efne, maar ook zware pijnstillers en het geneesmiddel Ritalin. Op lijst II staan de zogenaamde \u2018soft drugs\u2019, zoals hennepproducten en slaap- en kalmeringsmiddelen.Voor de complete lijsten I en II ga naar de website:\u00a0<a href=\"https:\/\/www.hetcak.nl\/\">www.hetcak.nl<\/a><\/p>\n\n\n\n<h3 class=\"wp-block-heading\">Welke verklaring is nodig<\/h3>\n\n\n\n<p>Er bestaan twee verschillende verklaringen:<\/p>\n\n\n\n<ul class=\"wp-block-list\">\n<li>Schengenverklaring voor reizen binnen het Schengengebied.\u00a0<a href=\"https:\/\/www.hetcak.nl\/medicijnen-mee-op-reis\/regelen\/schengen-medicijnverklaring-downloaden\/\" target=\"_blank\" rel=\"noreferrer noopener\">Download hier het schengenverklaringformulier<\/a>.<\/li>\n\n\n\n<li>Engelstalige medische verklaring voor reizen buiten het Schengengebied.<a href=\"https:\/\/www.hetcak.nl\/en\/contact\/visiting-address\/\" target=\"_blank\" rel=\"noreferrer noopener\">Download het Engelstalige medische verklaring voor de arts.<\/a><\/li>\n<\/ul>\n\n\n\n<p>Let op, de verklaringen moeten gecontroleerd worden door het CAK. Wanneer u buiten het Schengengebied reist, dient het ook gelegaliseerd te worden door het Ministerie van Buitenlandse Zaken. Klik&nbsp;hier voor&nbsp;<a href=\"https:\/\/app.hetcak.nl\/regelingen\/medicijnen-mee-op-reis\/advies-verklaringen\/\" target=\"_blank\" rel=\"noreferrer noopener\">de brochure over de regeling van medicijnen op reis<\/a><\/p>\n\n\n\n<h3 class=\"wp-block-heading\">Schengenlanden<\/h3>\n\n\n\n<p>De Schengenlanden zijn Belgi\u00eb, Malta, Denemarken, Nederland, Duitsland, Noorwegen, Estland, Oostenrijk, Finland, Polen, Frankrijk, Portugal, Griekenland, Sloveni\u00eb, Hongarije, Slowakije, Itali\u00eb, Spanje, Letland, Tsjechi\u00eb, Liechtenstein, IJsland, Litouwen, Zweden, Luxemburg en Zwitserland<\/p>\n\n\n\n<h3 class=\"wp-block-heading\">Waarom is een verklaring nodig<\/h3>\n\n\n\n<p>In veel landen is het bezitten en gebruiken van opiumwetsmiddelen streng verboden. Om geneesmiddelen die een opiumwetsmiddel bevatten legaal mee op reis te nemen is een verklaring nodig.Waarschuwing: reizen naar het buitenland zonder verklaring voor een geneesmiddel dat onder de Opiumwet valt is strafbaar.<br>Meer weten over Schengenverklaring? Op de website\u00a0<a href=\"http:\/\/www.hetcak.nl\/\" target=\"_blank\" rel=\"noreferrer noopener\">www.hetcak.nl<\/a>\u00a0staat alle informatie over reizen met medicijnen.<br>Ook kunt u bellen naar: 0800 \u2013 2108<\/p>\n\n\n\n<p>Bron:&nbsp;<a href=\"https:\/\/www.hetcak.nl\/\" target=\"_blank\" rel=\"noreferrer noopener\">HetCAK.nl<\/a><\/p>\n\n\n\n<p><\/p>\n","protected":false},"excerpt":{"rendered":"<p>Geneesmiddelen mee op reis Gebruikers van geneesmiddelen die onder de opiumwet vallen kunnen deze niet zomaar meenemen naar het buitenland. Hiervoor is een verklaring nodig. Wat zijn de opiumwetsmiddelen Een opiumwetsmiddel is een stof met een bepaalde werking op het menselijk bewustzijn. Deze middelen worden ook wel \u2018verdovende middelen\u2019, \u2018narcotica\u2019 of \u2018drugs\u2019 genoemd. Een groot [&hellip;]<\/p>\n","protected":false},"author":1,"featured_media":0,"parent":0,"menu_order":0,"comment_status":"closed","ping_status":"closed","template":"","meta":{"footnotes":""},"class_list":["post-129","page","type-page","status-publish","hentry"],"yoast_head":"<!-- This site is optimized with the Yoast SEO plugin v27.5 - https:\/\/yoast.com\/product\/yoast-seo-wordpress\/ -->\n<title>Gezondheidsinformatie - Huisartsen Praktijk Veltum<\/title>\n<meta name=\"robots\" content=\"index, follow, max-snippet:-1, max-image-preview:large, max-video-preview:-1\" \/>\n<link rel=\"canonical\" href=\"https:\/\/www.huisartsenpraktijkveltum.nl\/main\/gezondheidsinformatie\/\" \/>\n<meta property=\"og:locale\" content=\"nl_NL\" \/>\n<meta property=\"og:type\" content=\"article\" \/>\n<meta property=\"og:title\" content=\"Gezondheidsinformatie - Huisartsen Praktijk Veltum\" \/>\n<meta property=\"og:description\" content=\"Geneesmiddelen mee op reis Gebruikers van geneesmiddelen die onder de opiumwet vallen kunnen deze niet zomaar meenemen naar het buitenland. Hiervoor is een verklaring nodig. Wat zijn de opiumwetsmiddelen Een opiumwetsmiddel is een stof met een bepaalde werking op het menselijk bewustzijn. Deze middelen worden ook wel \u2018verdovende middelen\u2019, \u2018narcotica\u2019 of \u2018drugs\u2019 genoemd. Een groot [&hellip;]\" \/>\n<meta property=\"og:url\" content=\"https:\/\/www.huisartsenpraktijkveltum.nl\/main\/gezondheidsinformatie\/\" \/>\n<meta property=\"og:site_name\" content=\"Huisartsen Praktijk Veltum\" \/>\n<meta property=\"article:modified_time\" content=\"2025-01-09T15:53:35+00:00\" \/>\n<meta property=\"og:image\" content=\"https:\/\/www.huisartsenpraktijkveltum.nl\/wp-content\/uploads\/2024\/12\/LOGO-Huisartsen-Praktijk-Veltum-4.png\" \/>\n\t<meta property=\"og:image:width\" content=\"229\" \/>\n\t<meta property=\"og:image:height\" content=\"150\" \/>\n\t<meta property=\"og:image:type\" content=\"image\/png\" \/>\n<meta name=\"twitter:card\" content=\"summary_large_image\" \/>\n<meta name=\"twitter:label1\" content=\"Geschatte leestijd\" \/>\n\t<meta name=\"twitter:data1\" content=\"2 minuten\" \/>\n<script type=\"application\/ld+json\" class=\"yoast-schema-graph\">{\"@context\":\"https:\\\/\\\/schema.org\",\"@graph\":[{\"@type\":\"WebPage\",\"@id\":\"https:\\\/\\\/www.huisartsenpraktijkveltum.nl\\\/main\\\/gezondheidsinformatie\\\/\",\"url\":\"https:\\\/\\\/www.huisartsenpraktijkveltum.nl\\\/main\\\/gezondheidsinformatie\\\/\",\"name\":\"Gezondheidsinformatie - Huisartsen Praktijk Veltum\",\"isPartOf\":{\"@id\":\"https:\\\/\\\/www.huisartsenpraktijkveltum.nl\\\/main\\\/#website\"},\"datePublished\":\"2024-09-22T13:13:42+00:00\",\"dateModified\":\"2025-01-09T15:53:35+00:00\",\"breadcrumb\":{\"@id\":\"https:\\\/\\\/www.huisartsenpraktijkveltum.nl\\\/main\\\/gezondheidsinformatie\\\/#breadcrumb\"},\"inLanguage\":\"nl-NL\",\"potentialAction\":[{\"@type\":\"ReadAction\",\"target\":[\"https:\\\/\\\/www.huisartsenpraktijkveltum.nl\\\/main\\\/gezondheidsinformatie\\\/\"]}]},{\"@type\":\"BreadcrumbList\",\"@id\":\"https:\\\/\\\/www.huisartsenpraktijkveltum.nl\\\/main\\\/gezondheidsinformatie\\\/#breadcrumb\",\"itemListElement\":[{\"@type\":\"ListItem\",\"position\":1,\"name\":\"Home\",\"item\":\"https:\\\/\\\/www.huisartsenpraktijkveltum.nl\\\/main\\\/\"},{\"@type\":\"ListItem\",\"position\":2,\"name\":\"Gezondheidsinformatie\"}]},{\"@type\":\"WebSite\",\"@id\":\"https:\\\/\\\/www.huisartsenpraktijkveltum.nl\\\/main\\\/#website\",\"url\":\"https:\\\/\\\/www.huisartsenpraktijkveltum.nl\\\/main\\\/\",\"name\":\"Huisartsen Praktijk Veltum\",\"description\":\"Huisartsen Praktijk Veltum\",\"publisher\":{\"@id\":\"https:\\\/\\\/www.huisartsenpraktijkveltum.nl\\\/main\\\/#organization\"},\"alternateName\":\"huisartsenpraktijk Veltum\",\"potentialAction\":[{\"@type\":\"SearchAction\",\"target\":{\"@type\":\"EntryPoint\",\"urlTemplate\":\"https:\\\/\\\/www.huisartsenpraktijkveltum.nl\\\/main\\\/?s={search_term_string}\"},\"query-input\":{\"@type\":\"PropertyValueSpecification\",\"valueRequired\":true,\"valueName\":\"search_term_string\"}}],\"inLanguage\":\"nl-NL\"},{\"@type\":\"Organization\",\"@id\":\"https:\\\/\\\/www.huisartsenpraktijkveltum.nl\\\/main\\\/#organization\",\"name\":\"Huisartsen Praktijk Veltum\",\"url\":\"https:\\\/\\\/www.huisartsenpraktijkveltum.nl\\\/main\\\/\",\"logo\":{\"@type\":\"ImageObject\",\"inLanguage\":\"nl-NL\",\"@id\":\"https:\\\/\\\/www.huisartsenpraktijkveltum.nl\\\/main\\\/#\\\/schema\\\/logo\\\/image\\\/\",\"url\":\"https:\\\/\\\/www.huisartsenpraktijkveltum.nl\\\/wp-content\\\/uploads\\\/2024\\\/12\\\/LOGO-Huisartsen-Praktijk-Veltum-4.png\",\"contentUrl\":\"https:\\\/\\\/www.huisartsenpraktijkveltum.nl\\\/wp-content\\\/uploads\\\/2024\\\/12\\\/LOGO-Huisartsen-Praktijk-Veltum-4.png\",\"width\":229,\"height\":150,\"caption\":\"Huisartsen Praktijk Veltum\"},\"image\":{\"@id\":\"https:\\\/\\\/www.huisartsenpraktijkveltum.nl\\\/main\\\/#\\\/schema\\\/logo\\\/image\\\/\"}}]}<\/script>\n<!-- \/ Yoast SEO plugin. -->","yoast_head_json":{"title":"Gezondheidsinformatie - Huisartsen Praktijk Veltum","robots":{"index":"index","follow":"follow","max-snippet":"max-snippet:-1","max-image-preview":"max-image-preview:large","max-video-preview":"max-video-preview:-1"},"canonical":"https:\/\/www.huisartsenpraktijkveltum.nl\/main\/gezondheidsinformatie\/","og_locale":"nl_NL","og_type":"article","og_title":"Gezondheidsinformatie - Huisartsen Praktijk Veltum","og_description":"Geneesmiddelen mee op reis Gebruikers van geneesmiddelen die onder de opiumwet vallen kunnen deze niet zomaar meenemen naar het buitenland. Hiervoor is een verklaring nodig. Wat zijn de opiumwetsmiddelen Een opiumwetsmiddel is een stof met een bepaalde werking op het menselijk bewustzijn. Deze middelen worden ook wel \u2018verdovende middelen\u2019, \u2018narcotica\u2019 of \u2018drugs\u2019 genoemd. Een groot [&hellip;]","og_url":"https:\/\/www.huisartsenpraktijkveltum.nl\/main\/gezondheidsinformatie\/","og_site_name":"Huisartsen Praktijk Veltum","article_modified_time":"2025-01-09T15:53:35+00:00","og_image":[{"width":229,"height":150,"url":"https:\/\/www.huisartsenpraktijkveltum.nl\/wp-content\/uploads\/2024\/12\/LOGO-Huisartsen-Praktijk-Veltum-4.png","type":"image\/png"}],"twitter_card":"summary_large_image","twitter_misc":{"Geschatte leestijd":"2 minuten"},"schema":{"@context":"https:\/\/schema.org","@graph":[{"@type":"WebPage","@id":"https:\/\/www.huisartsenpraktijkveltum.nl\/main\/gezondheidsinformatie\/","url":"https:\/\/www.huisartsenpraktijkveltum.nl\/main\/gezondheidsinformatie\/","name":"Gezondheidsinformatie - Huisartsen Praktijk Veltum","isPartOf":{"@id":"https:\/\/www.huisartsenpraktijkveltum.nl\/main\/#website"},"datePublished":"2024-09-22T13:13:42+00:00","dateModified":"2025-01-09T15:53:35+00:00","breadcrumb":{"@id":"https:\/\/www.huisartsenpraktijkveltum.nl\/main\/gezondheidsinformatie\/#breadcrumb"},"inLanguage":"nl-NL","potentialAction":[{"@type":"ReadAction","target":["https:\/\/www.huisartsenpraktijkveltum.nl\/main\/gezondheidsinformatie\/"]}]},{"@type":"BreadcrumbList","@id":"https:\/\/www.huisartsenpraktijkveltum.nl\/main\/gezondheidsinformatie\/#breadcrumb","itemListElement":[{"@type":"ListItem","position":1,"name":"Home","item":"https:\/\/www.huisartsenpraktijkveltum.nl\/main\/"},{"@type":"ListItem","position":2,"name":"Gezondheidsinformatie"}]},{"@type":"WebSite","@id":"https:\/\/www.huisartsenpraktijkveltum.nl\/main\/#website","url":"https:\/\/www.huisartsenpraktijkveltum.nl\/main\/","name":"Huisartsen Praktijk Veltum","description":"Huisartsen Praktijk Veltum","publisher":{"@id":"https:\/\/www.huisartsenpraktijkveltum.nl\/main\/#organization"},"alternateName":"huisartsenpraktijk Veltum","potentialAction":[{"@type":"SearchAction","target":{"@type":"EntryPoint","urlTemplate":"https:\/\/www.huisartsenpraktijkveltum.nl\/main\/?s={search_term_string}"},"query-input":{"@type":"PropertyValueSpecification","valueRequired":true,"valueName":"search_term_string"}}],"inLanguage":"nl-NL"},{"@type":"Organization","@id":"https:\/\/www.huisartsenpraktijkveltum.nl\/main\/#organization","name":"Huisartsen Praktijk Veltum","url":"https:\/\/www.huisartsenpraktijkveltum.nl\/main\/","logo":{"@type":"ImageObject","inLanguage":"nl-NL","@id":"https:\/\/www.huisartsenpraktijkveltum.nl\/main\/#\/schema\/logo\/image\/","url":"https:\/\/www.huisartsenpraktijkveltum.nl\/wp-content\/uploads\/2024\/12\/LOGO-Huisartsen-Praktijk-Veltum-4.png","contentUrl":"https:\/\/www.huisartsenpraktijkveltum.nl\/wp-content\/uploads\/2024\/12\/LOGO-Huisartsen-Praktijk-Veltum-4.png","width":229,"height":150,"caption":"Huisartsen Praktijk Veltum"},"image":{"@id":"https:\/\/www.huisartsenpraktijkveltum.nl\/main\/#\/schema\/logo\/image\/"}}]}},"_links":{"self":[{"href":"https:\/\/www.huisartsenpraktijkveltum.nl\/main\/wp-json\/wp\/v2\/pages\/129","targetHints":{"allow":["GET"]}}],"collection":[{"href":"https:\/\/www.huisartsenpraktijkveltum.nl\/main\/wp-json\/wp\/v2\/pages"}],"about":[{"href":"https:\/\/www.huisartsenpraktijkveltum.nl\/main\/wp-json\/wp\/v2\/types\/page"}],"author":[{"embeddable":true,"href":"https:\/\/www.huisartsenpraktijkveltum.nl\/main\/wp-json\/wp\/v2\/users\/1"}],"replies":[{"embeddable":true,"href":"https:\/\/www.huisartsenpraktijkveltum.nl\/main\/wp-json\/wp\/v2\/comments?post=129"}],"version-history":[{"count":3,"href":"https:\/\/www.huisartsenpraktijkveltum.nl\/main\/wp-json\/wp\/v2\/pages\/129\/revisions"}],"predecessor-version":[{"id":217,"href":"https:\/\/www.huisartsenpraktijkveltum.nl\/main\/wp-json\/wp\/v2\/pages\/129\/revisions\/217"}],"wp:attachment":[{"href":"https:\/\/www.huisartsenpraktijkveltum.nl\/main\/wp-json\/wp\/v2\/media?parent=129"}],"curies":[{"name":"wp","href":"https:\/\/api.w.org\/{rel}","templated":true}]}}